{"id":604,"date":"2023-04-07T01:55:25","date_gmt":"2023-04-07T01:55:25","guid":{"rendered":"http:\/\/giatockhanhkieu.123websitedev.com\/?page_id=604"},"modified":"2023-05-05T11:23:09","modified_gmt":"2023-05-05T04:23:09","slug":"lien-he","status":"publish","type":"page","link":"https:\/\/giatockhanhkieu.com\/en\/lien-he\/","title":{"rendered":"Contact"},"content":{"rendered":"<div class=\"wp-block-columns is-layout-flex wp-container-core-columns-is-layout-9d6595d7 wp-block-columns-is-layout-flex\">\n<div class=\"wp-block-column is-layout-flow wp-block-column-is-layout-flow\">\n<iframe src=\"https:\/\/www.google.com\/maps\/embed?pb=!1m18!1m12!1m3!1d3912.719470065637!2d106.1254302742293!3d11.282020049666158!2m3!1f0!2f0!3f0!3m2!1i1024!2i768!4f13.1!3m3!1m2!1s0x310b6b7c0c3524bb%3A0xe4110b208ba0ec5e!2zTkjDgCBUSOG7nCBLSEFOSCBLSeG7gFU!5e0!3m2!1svi!2s!4v1683260578291!5m2!1svi!2s\" width=\"600\" height=\"560\" style=\"border:0;\" allowfullscreen=\"\" loading=\"lazy\" referrerpolicy=\"no-referrer-when-downgrade\"><\/iframe>\n<\/div>\n\n\n\n<div class=\"wp-block-column is-layout-flow wp-block-column-is-layout-flow\">\n<h3 class=\"wp-block-heading\">Contact Info<\/h3>\n\n\n\n<p>Address: 112-114 Street 24 Pham Van Dong, KP. 2, Long Hoa Ward, TX. Hoa Thanh, Tay Ninh<\/p>\n\n\n\n<p>Phone number: <a href=\"tel:0896600404\">0896 600 404<\/a> &#8211; <a href=\"http:\/\/0981903092\">0981 903 092<\/a> (TRAN SON CHAU)<\/p>\n\n\n\n<p>Email: chats.tpk@gmail.com<\/p>\n\n\n<div class='fluentform fluentform_wrapper_1'><form data-form_id=\"1\" id=\"fluentform_1\" class=\"frm-fluent-form fluent_form_1 ff-el-form-top ff_form_instance_1_1 ff-form-loading\" data-form_instance=\"ff_form_instance_1_1\" method=\"POST\" action=\"\" ><fieldset style=\"border: none!important;margin: 0!important;padding: 0!important;background-color: transparent!important;                                 box-shadow: none!important;outline: none!important;\">\n                    <legend class=\"ff_screen_reader_title\" style=\"margin: 0!important;padding: 0!important;height: 0!important;text-indent: -999999px;width: 0!important;\">Contact Form<\/legend><p style=\"display: none !important;\"><label>&#916;<textarea name=\"ak_hp_textarea\" cols=\"45\" rows=\"8\" maxlength=\"100\"><\/textarea><\/label><input type=\"hidden\" id=\"ak_js_1\" name=\"ak_js\" value=\"111\"\/><script>document.getElementById( \"ak_js_1\" ).setAttribute( \"value\", ( new Date() ).getTime() );<\/script><\/p><input type='hidden' name='__fluent_form_embded_post_id' value='604' \/><input type=\"hidden\" id=\"_fluentform_1_fluentformnonce\" name=\"_fluentform_1_fluentformnonce\" value=\"580cd9e5c4\" \/><input type=\"hidden\" name=\"_wp_http_referer\" value=\"\/en\/wp-json\/wp\/v2\/pages\/604\" \/><div data-type=\"name-element\" data-name=\"names\" class=\"ff-field_container ff-name-field-wrapper\" ><div class='ff-t-container'><div class='ff-t-cell'><div class='ff-el-group  ff-el-form-hide_label'><div class=\"ff-el-input--label asterisk-right\"><label for='ff_1_names_first_name_' aria-label=\"First Name\">First Name<\/label> <\/div><div class='ff-el-input--content'><input type=\"text\" name=\"names[first_name]\" id=\"ff_1_names_first_name_\" class=\"ff-el-form-control\" placeholder=\"First and last name\" aria-invalid=\"false\" aria-required=\"false\"><\/div><\/div><\/div><\/div><\/div><div class='ff-el-group ff-el-form-hide_label'><div class=\"ff-el-input--label ff-el-is-required asterisk-right\"><label for='ff_1_email' aria-label=\"Email\">Email<\/label> <\/div><div class='ff-el-input--content'><input type=\"email\" name=\"email\" id=\"ff_1_email\" class=\"ff-el-form-control\" placeholder=\"Email\" data-name=\"email\"  aria-invalid=\"false\" aria-required=\"true\"><\/div><\/div><div class='ff-el-group ff-el-form-hide_label'><div class=\"ff-el-input--label ff-el-is-required asterisk-right\"><label for='ff_1_message' aria-label=\"Your Message\">Your Message<\/label> <\/div><div class='ff-el-input--content'><textarea aria-invalid=\"false\" aria-required=\"true\" name=\"message\" id=\"ff_1_message\" class=\"ff-el-form-control\" placeholder=\"Content\" rows=\"4\" cols=\"2\" data-name=\"message\" ><\/textarea><\/div><\/div><div class='ff-el-group ff-text-left ff_submit_btn_wrapper'><button type=\"submit\" class=\"ff-btn ff-btn-submit ff-btn-md ff_btn_style\" >CALL NOW<\/button><\/div><\/fieldset><input type=\"hidden\" name=\"trp-form-language\" value=\"en\"\/><\/form><div id='fluentform_1_errors' class='ff-errors-in-stack ff_form_instance_1_1 ff-form-loading_errors ff_form_instance_1_1_errors'><\/div><\/div>        <script type=\"text\/javascript\">\n            window.fluent_form_ff_form_instance_1_1 = {\"id\":\"1\",\"settings\":{\"layout\":{\"labelPlacement\":\"top\",\"helpMessagePlacement\":\"with_label\",\"errorMessagePlacement\":\"inline\",\"cssClassName\":\"\",\"asteriskPlacement\":\"asterisk-right\"},\"restrictions\":{\"denyEmptySubmission\":{\"enabled\":false}}},\"form_instance\":\"ff_form_instance_1_1\",\"form_id_selector\":\"fluentform_1\",\"rules\":{\"names[first_name]\":{\"required\":{\"value\":false,\"message\":\"This field is required\"}},\"names[middle_name]\":{\"required\":{\"value\":false,\"message\":\"This field is required\"}},\"names[last_name]\":{\"required\":{\"value\":false,\"message\":\"This field is required\"}},\"email\":{\"required\":{\"value\":true,\"message\":\"This field is required\"},\"email\":{\"value\":true,\"message\":\"This field must contain a valid email\"}},\"message\":{\"required\":{\"value\":true,\"message\":\"This field is required\"}}}};\n                    <\/script>\n        \n<\/div>\n<\/div>","protected":false},"excerpt":{"rendered":"<p>Th\u00f4ng tin li\u00ean h\u1ec7 \u0110\u1ecba ch\u1ec9: 112-114 \u0110\u01b0\u1eddng 24 Ph\u1ea1m V\u0103n \u0110\u1ed3ng, KP. 2, P. Long Hoa, TX. H\u00f2a Th\u00e0nh, T\u00e2y Ninh S\u1ed1 \u0111i\u1ec7n tho\u1ea1i: 0896 600 404 &#8211; 0981 903 092 (TR\u1ea6N S\u01a0N CH\u00c2U) Email: chats.tpk@gmail.com<\/p>","protected":false},"author":1,"featured_media":0,"parent":0,"menu_order":0,"comment_status":"closed","ping_status":"closed","template":"","meta":{"footnotes":""},"class_list":["post-604","page","type-page","status-publish","hentry"],"acf":[],"yoast_head":"<!-- This site is optimized with the Yoast SEO Premium plugin v20.4 (Yoast SEO v20.4) - https:\/\/yoast.com\/wordpress\/plugins\/seo\/ -->\n<title>Li\u00ean h\u1ec7 - Gia t\u1ed9c Khanh-Ki\u1ec1u<\/title>\n<meta name=\"robots\" content=\"index, follow, max-snippet:-1, max-image-preview:large, max-video-preview:-1\" \/>\n<link rel=\"canonical\" href=\"https:\/\/giatockhanhkieu.com\/en\/lien-he\/\" \/>\n<meta property=\"og:locale\" content=\"en_US\" \/>\n<meta property=\"og:type\" content=\"article\" \/>\n<meta property=\"og:title\" content=\"Li\u00ean h\u1ec7\" \/>\n<meta property=\"og:description\" content=\"Th\u00f4ng tin li\u00ean h\u1ec7 \u0110\u1ecba ch\u1ec9: 112-114 \u0110\u01b0\u1eddng 24 Ph\u1ea1m V\u0103n \u0110\u1ed3ng, KP. 2, P. Long Hoa, TX. H\u00f2a Th\u00e0nh, T\u00e2y Ninh S\u1ed1 \u0111i\u1ec7n tho\u1ea1i: 0896 600 404 &#8211; 0981 903 092 (TR\u1ea6N S\u01a0N CH\u00c2U) Email: chats.tpk@gmail.com\" \/>\n<meta property=\"og:url\" content=\"https:\/\/giatockhanhkieu.com\/en\/lien-he\/\" \/>\n<meta property=\"og:site_name\" content=\"Gia t\u1ed9c Khanh-Ki\u1ec1u\" \/>\n<meta property=\"article:modified_time\" content=\"2023-05-05T04:23:09+00:00\" \/>\n<meta name=\"twitter:card\" content=\"summary_large_image\" \/>\n<script type=\"application\/ld+json\" class=\"yoast-schema-graph\">{\"@context\":\"https:\/\/schema.org\",\"@graph\":[{\"@type\":\"WebPage\",\"@id\":\"https:\/\/giatockhanhkieu.com\/lien-he\/\",\"url\":\"https:\/\/giatockhanhkieu.com\/lien-he\/\",\"name\":\"Li\u00ean h\u1ec7 - Gia t\u1ed9c Khanh-Ki\u1ec1u\",\"isPartOf\":{\"@id\":\"https:\/\/giatockhanhkieu.com\/#website\"},\"datePublished\":\"2023-04-07T01:55:25+00:00\",\"dateModified\":\"2023-05-05T04:23:09+00:00\",\"breadcrumb\":{\"@id\":\"https:\/\/giatockhanhkieu.com\/lien-he\/#breadcrumb\"},\"inLanguage\":\"en-US\",\"potentialAction\":[{\"@type\":\"ReadAction\",\"target\":[\"https:\/\/giatockhanhkieu.com\/lien-he\/\"]}]},{\"@type\":\"BreadcrumbList\",\"@id\":\"https:\/\/giatockhanhkieu.com\/lien-he\/#breadcrumb\",\"itemListElement\":[{\"@type\":\"ListItem\",\"position\":1,\"name\":\"Home\",\"item\":\"https:\/\/giatockhanhkieu.com\/\"},{\"@type\":\"ListItem\",\"position\":2,\"name\":\"Li\u00ean h\u1ec7\"}]},{\"@type\":\"WebSite\",\"@id\":\"https:\/\/giatockhanhkieu.com\/#website\",\"url\":\"https:\/\/giatockhanhkieu.com\/\",\"name\":\"Gia t\u1ed9c Khanh-Ki\u1ec1u\",\"description\":\"Gia \u0111i\u0300nh nghi\u0303a la\u0300 kh\u00f4ng ai bi\u0323 bo\u0309 r\u01a1i hay qu\u00ean la\u0303ng\",\"publisher\":{\"@id\":\"https:\/\/giatockhanhkieu.com\/#organization\"},\"potentialAction\":[{\"@type\":\"SearchAction\",\"target\":{\"@type\":\"EntryPoint\",\"urlTemplate\":\"https:\/\/giatockhanhkieu.com\/?s={search_term_string}\"},\"query-input\":\"required name=search_term_string\"}],\"inLanguage\":\"en-US\"},{\"@type\":\"Organization\",\"@id\":\"https:\/\/giatockhanhkieu.com\/#organization\",\"name\":\"Gia t\u1ed9c Khanh-Ki\u1ec1u\",\"url\":\"https:\/\/giatockhanhkieu.com\/\",\"logo\":{\"@type\":\"ImageObject\",\"inLanguage\":\"en-US\",\"@id\":\"https:\/\/giatockhanhkieu.com\/#\/schema\/logo\/image\/\",\"url\":\"https:\/\/giatockhanhkieu.com\/wp-content\/uploads\/2023\/04\/logo-khanh-kieu-wite.png\",\"contentUrl\":\"https:\/\/giatockhanhkieu.com\/wp-content\/uploads\/2023\/04\/logo-khanh-kieu-wite.png\",\"width\":394,\"height\":434,\"caption\":\"Gia t\u1ed9c Khanh-Ki\u1ec1u\"},\"image\":{\"@id\":\"https:\/\/giatockhanhkieu.com\/#\/schema\/logo\/image\/\"}}]}<\/script>\n<!-- \/ Yoast SEO Premium plugin. -->","yoast_head_json":{"title":"Li\u00ean h\u1ec7 - Gia t\u1ed9c Khanh-Ki\u1ec1u","robots":{"index":"index","follow":"follow","max-snippet":"max-snippet:-1","max-image-preview":"max-image-preview:large","max-video-preview":"max-video-preview:-1"},"canonical":"https:\/\/giatockhanhkieu.com\/en\/lien-he\/","og_locale":"en_US","og_type":"article","og_title":"Li\u00ean h\u1ec7","og_description":"Th\u00f4ng tin li\u00ean h\u1ec7 \u0110\u1ecba ch\u1ec9: 112-114 \u0110\u01b0\u1eddng 24 Ph\u1ea1m V\u0103n \u0110\u1ed3ng, KP. 2, P. Long Hoa, TX. H\u00f2a Th\u00e0nh, T\u00e2y Ninh S\u1ed1 \u0111i\u1ec7n tho\u1ea1i: 0896 600 404 &#8211; 0981 903 092 (TR\u1ea6N S\u01a0N CH\u00c2U) Email: chats.tpk@gmail.com","og_url":"https:\/\/giatockhanhkieu.com\/en\/lien-he\/","og_site_name":"Gia t\u1ed9c Khanh-Ki\u1ec1u","article_modified_time":"2023-05-05T04:23:09+00:00","twitter_card":"summary_large_image","schema":{"@context":"https:\/\/schema.org","@graph":[{"@type":"WebPage","@id":"https:\/\/giatockhanhkieu.com\/lien-he\/","url":"https:\/\/giatockhanhkieu.com\/lien-he\/","name":"Li\u00ean h\u1ec7 - Gia t\u1ed9c Khanh-Ki\u1ec1u","isPartOf":{"@id":"https:\/\/giatockhanhkieu.com\/#website"},"datePublished":"2023-04-07T01:55:25+00:00","dateModified":"2023-05-05T04:23:09+00:00","breadcrumb":{"@id":"https:\/\/giatockhanhkieu.com\/lien-he\/#breadcrumb"},"inLanguage":"en-US","potentialAction":[{"@type":"ReadAction","target":["https:\/\/giatockhanhkieu.com\/lien-he\/"]}]},{"@type":"BreadcrumbList","@id":"https:\/\/giatockhanhkieu.com\/lien-he\/#breadcrumb","itemListElement":[{"@type":"ListItem","position":1,"name":"Home","item":"https:\/\/giatockhanhkieu.com\/"},{"@type":"ListItem","position":2,"name":"Li\u00ean h\u1ec7"}]},{"@type":"WebSite","@id":"https:\/\/giatockhanhkieu.com\/#website","url":"https:\/\/giatockhanhkieu.com\/","name":"Gia t\u1ed9c Khanh-Ki\u1ec1u","description":"Gia \u0111i\u0300nh nghi\u0303a la\u0300 kh\u00f4ng ai bi\u0323 bo\u0309 r\u01a1i hay qu\u00ean la\u0303ng","publisher":{"@id":"https:\/\/giatockhanhkieu.com\/#organization"},"potentialAction":[{"@type":"SearchAction","target":{"@type":"EntryPoint","urlTemplate":"https:\/\/giatockhanhkieu.com\/?s={search_term_string}"},"query-input":"required name=search_term_string"}],"inLanguage":"en-US"},{"@type":"Organization","@id":"https:\/\/giatockhanhkieu.com\/#organization","name":"Gia t\u1ed9c Khanh-Ki\u1ec1u","url":"https:\/\/giatockhanhkieu.com\/","logo":{"@type":"ImageObject","inLanguage":"en-US","@id":"https:\/\/giatockhanhkieu.com\/#\/schema\/logo\/image\/","url":"https:\/\/giatockhanhkieu.com\/wp-content\/uploads\/2023\/04\/logo-khanh-kieu-wite.png","contentUrl":"https:\/\/giatockhanhkieu.com\/wp-content\/uploads\/2023\/04\/logo-khanh-kieu-wite.png","width":394,"height":434,"caption":"Gia t\u1ed9c Khanh-Ki\u1ec1u"},"image":{"@id":"https:\/\/giatockhanhkieu.com\/#\/schema\/logo\/image\/"}}]}},"_links":{"self":[{"href":"https:\/\/giatockhanhkieu.com\/en\/wp-json\/wp\/v2\/pages\/604","targetHints":{"allow":["GET"]}}],"collection":[{"href":"https:\/\/giatockhanhkieu.com\/en\/wp-json\/wp\/v2\/pages"}],"about":[{"href":"https:\/\/giatockhanhkieu.com\/en\/wp-json\/wp\/v2\/types\/page"}],"author":[{"embeddable":true,"href":"https:\/\/giatockhanhkieu.com\/en\/wp-json\/wp\/v2\/users\/1"}],"replies":[{"embeddable":true,"href":"https:\/\/giatockhanhkieu.com\/en\/wp-json\/wp\/v2\/comments?post=604"}],"version-history":[{"count":15,"href":"https:\/\/giatockhanhkieu.com\/en\/wp-json\/wp\/v2\/pages\/604\/revisions"}],"predecessor-version":[{"id":1130,"href":"https:\/\/giatockhanhkieu.com\/en\/wp-json\/wp\/v2\/pages\/604\/revisions\/1130"}],"wp:attachment":[{"href":"https:\/\/giatockhanhkieu.com\/en\/wp-json\/wp\/v2\/media?parent=604"}],"curies":[{"name":"wp","href":"https:\/\/api.w.org\/{rel}","templated":true}]}}