{"id":590,"date":"2023-04-07T01:47:34","date_gmt":"2023-04-07T01:47:34","guid":{"rendered":"http:\/\/giatockhanhkieu.123websitedev.com\/?page_id=590"},"modified":"2023-04-26T08:55:29","modified_gmt":"2023-04-26T01:55:29","slug":"bao-cao-tai-chinh","status":"publish","type":"page","link":"https:\/\/giatockhanhkieu.com\/en\/bao-cao-tai-chinh\/","title":{"rendered":"Financial report"},"content":{"rendered":"<p>Updating<\/p>","protected":false},"excerpt":{"rendered":"<p>Updating<\/p>","protected":false},"author":1,"featured_media":0,"parent":0,"menu_order":0,"comment_status":"closed","ping_status":"closed","template":"","meta":{"footnotes":""},"class_list":["post-590","page","type-page","status-publish","hentry"],"acf":[],"yoast_head":"<!-- This site is optimized with the Yoast SEO Premium plugin v20.4 (Yoast SEO v20.4) - https:\/\/yoast.com\/wordpress\/plugins\/seo\/ -->\n<title>B\u00e1o c\u00e1o t\u00e0i ch\u00ednh - Gia t\u1ed9c Khanh-Ki\u1ec1u<\/title>\n<meta name=\"robots\" content=\"index, follow, max-snippet:-1, max-image-preview:large, max-video-preview:-1\" \/>\n<link rel=\"canonical\" href=\"https:\/\/giatockhanhkieu.com\/en\/bao-cao-tai-chinh\/\" \/>\n<meta property=\"og:locale\" content=\"en_US\" \/>\n<meta property=\"og:type\" content=\"article\" \/>\n<meta property=\"og:title\" content=\"B\u00e1o c\u00e1o t\u00e0i ch\u00ednh\" \/>\n<meta property=\"og:description\" content=\"\u0110ang c\u1eadp nh\u1eadt\" \/>\n<meta property=\"og:url\" content=\"https:\/\/giatockhanhkieu.com\/en\/bao-cao-tai-chinh\/\" \/>\n<meta property=\"og:site_name\" content=\"Gia t\u1ed9c Khanh-Ki\u1ec1u\" \/>\n<meta property=\"article:modified_time\" content=\"2023-04-26T01:55:29+00:00\" \/>\n<meta name=\"twitter:card\" content=\"summary_large_image\" \/>\n<script type=\"application\/ld+json\" class=\"yoast-schema-graph\">{\"@context\":\"https:\/\/schema.org\",\"@graph\":[{\"@type\":\"WebPage\",\"@id\":\"https:\/\/giatockhanhkieu.com\/bao-cao-tai-chinh\/\",\"url\":\"https:\/\/giatockhanhkieu.com\/bao-cao-tai-chinh\/\",\"name\":\"B\u00e1o c\u00e1o t\u00e0i ch\u00ednh - Gia t\u1ed9c Khanh-Ki\u1ec1u\",\"isPartOf\":{\"@id\":\"https:\/\/giatockhanhkieu.com\/#website\"},\"datePublished\":\"2023-04-07T01:47:34+00:00\",\"dateModified\":\"2023-04-26T01:55:29+00:00\",\"breadcrumb\":{\"@id\":\"https:\/\/giatockhanhkieu.com\/bao-cao-tai-chinh\/#breadcrumb\"},\"inLanguage\":\"en-US\",\"potentialAction\":[{\"@type\":\"ReadAction\",\"target\":[\"https:\/\/giatockhanhkieu.com\/bao-cao-tai-chinh\/\"]}]},{\"@type\":\"BreadcrumbList\",\"@id\":\"https:\/\/giatockhanhkieu.com\/bao-cao-tai-chinh\/#breadcrumb\",\"itemListElement\":[{\"@type\":\"ListItem\",\"position\":1,\"name\":\"Home\",\"item\":\"https:\/\/giatockhanhkieu.com\/\"},{\"@type\":\"ListItem\",\"position\":2,\"name\":\"B\u00e1o c\u00e1o t\u00e0i ch\u00ednh\"}]},{\"@type\":\"WebSite\",\"@id\":\"https:\/\/giatockhanhkieu.com\/#website\",\"url\":\"https:\/\/giatockhanhkieu.com\/\",\"name\":\"Gia t\u1ed9c Khanh-Ki\u1ec1u\",\"description\":\"Gia \u0111i\u0300nh nghi\u0303a la\u0300 kh\u00f4ng ai bi\u0323 bo\u0309 r\u01a1i hay qu\u00ean la\u0303ng\",\"publisher\":{\"@id\":\"https:\/\/giatockhanhkieu.com\/#organization\"},\"potentialAction\":[{\"@type\":\"SearchAction\",\"target\":{\"@type\":\"EntryPoint\",\"urlTemplate\":\"https:\/\/giatockhanhkieu.com\/?s={search_term_string}\"},\"query-input\":\"required name=search_term_string\"}],\"inLanguage\":\"en-US\"},{\"@type\":\"Organization\",\"@id\":\"https:\/\/giatockhanhkieu.com\/#organization\",\"name\":\"Gia t\u1ed9c Khanh-Ki\u1ec1u\",\"url\":\"https:\/\/giatockhanhkieu.com\/\",\"logo\":{\"@type\":\"ImageObject\",\"inLanguage\":\"en-US\",\"@id\":\"https:\/\/giatockhanhkieu.com\/#\/schema\/logo\/image\/\",\"url\":\"https:\/\/giatockhanhkieu.com\/wp-content\/uploads\/2023\/04\/logo-khanh-kieu-wite.png\",\"contentUrl\":\"https:\/\/giatockhanhkieu.com\/wp-content\/uploads\/2023\/04\/logo-khanh-kieu-wite.png\",\"width\":394,\"height\":434,\"caption\":\"Gia t\u1ed9c Khanh-Ki\u1ec1u\"},\"image\":{\"@id\":\"https:\/\/giatockhanhkieu.com\/#\/schema\/logo\/image\/\"}}]}<\/script>\n<!-- \/ Yoast SEO Premium plugin. -->","yoast_head_json":{"title":"B\u00e1o c\u00e1o t\u00e0i ch\u00ednh - Gia t\u1ed9c Khanh-Ki\u1ec1u","robots":{"index":"index","follow":"follow","max-snippet":"max-snippet:-1","max-image-preview":"max-image-preview:large","max-video-preview":"max-video-preview:-1"},"canonical":"https:\/\/giatockhanhkieu.com\/en\/bao-cao-tai-chinh\/","og_locale":"en_US","og_type":"article","og_title":"B\u00e1o c\u00e1o t\u00e0i ch\u00ednh","og_description":"\u0110ang c\u1eadp nh\u1eadt","og_url":"https:\/\/giatockhanhkieu.com\/en\/bao-cao-tai-chinh\/","og_site_name":"Gia t\u1ed9c Khanh-Ki\u1ec1u","article_modified_time":"2023-04-26T01:55:29+00:00","twitter_card":"summary_large_image","schema":{"@context":"https:\/\/schema.org","@graph":[{"@type":"WebPage","@id":"https:\/\/giatockhanhkieu.com\/bao-cao-tai-chinh\/","url":"https:\/\/giatockhanhkieu.com\/bao-cao-tai-chinh\/","name":"B\u00e1o c\u00e1o t\u00e0i ch\u00ednh - Gia t\u1ed9c Khanh-Ki\u1ec1u","isPartOf":{"@id":"https:\/\/giatockhanhkieu.com\/#website"},"datePublished":"2023-04-07T01:47:34+00:00","dateModified":"2023-04-26T01:55:29+00:00","breadcrumb":{"@id":"https:\/\/giatockhanhkieu.com\/bao-cao-tai-chinh\/#breadcrumb"},"inLanguage":"en-US","potentialAction":[{"@type":"ReadAction","target":["https:\/\/giatockhanhkieu.com\/bao-cao-tai-chinh\/"]}]},{"@type":"BreadcrumbList","@id":"https:\/\/giatockhanhkieu.com\/bao-cao-tai-chinh\/#breadcrumb","itemListElement":[{"@type":"ListItem","position":1,"name":"Home","item":"https:\/\/giatockhanhkieu.com\/"},{"@type":"ListItem","position":2,"name":"B\u00e1o c\u00e1o t\u00e0i ch\u00ednh"}]},{"@type":"WebSite","@id":"https:\/\/giatockhanhkieu.com\/#website","url":"https:\/\/giatockhanhkieu.com\/","name":"Gia t\u1ed9c Khanh-Ki\u1ec1u","description":"Gia \u0111i\u0300nh nghi\u0303a la\u0300 kh\u00f4ng ai bi\u0323 bo\u0309 r\u01a1i hay qu\u00ean la\u0303ng","publisher":{"@id":"https:\/\/giatockhanhkieu.com\/#organization"},"potentialAction":[{"@type":"SearchAction","target":{"@type":"EntryPoint","urlTemplate":"https:\/\/giatockhanhkieu.com\/?s={search_term_string}"},"query-input":"required name=search_term_string"}],"inLanguage":"en-US"},{"@type":"Organization","@id":"https:\/\/giatockhanhkieu.com\/#organization","name":"Gia t\u1ed9c Khanh-Ki\u1ec1u","url":"https:\/\/giatockhanhkieu.com\/","logo":{"@type":"ImageObject","inLanguage":"en-US","@id":"https:\/\/giatockhanhkieu.com\/#\/schema\/logo\/image\/","url":"https:\/\/giatockhanhkieu.com\/wp-content\/uploads\/2023\/04\/logo-khanh-kieu-wite.png","contentUrl":"https:\/\/giatockhanhkieu.com\/wp-content\/uploads\/2023\/04\/logo-khanh-kieu-wite.png","width":394,"height":434,"caption":"Gia t\u1ed9c Khanh-Ki\u1ec1u"},"image":{"@id":"https:\/\/giatockhanhkieu.com\/#\/schema\/logo\/image\/"}}]}},"_links":{"self":[{"href":"https:\/\/giatockhanhkieu.com\/en\/wp-json\/wp\/v2\/pages\/590","targetHints":{"allow":["GET"]}}],"collection":[{"href":"https:\/\/giatockhanhkieu.com\/en\/wp-json\/wp\/v2\/pages"}],"about":[{"href":"https:\/\/giatockhanhkieu.com\/en\/wp-json\/wp\/v2\/types\/page"}],"author":[{"embeddable":true,"href":"https:\/\/giatockhanhkieu.com\/en\/wp-json\/wp\/v2\/users\/1"}],"replies":[{"embeddable":true,"href":"https:\/\/giatockhanhkieu.com\/en\/wp-json\/wp\/v2\/comments?post=590"}],"version-history":[{"count":12,"href":"https:\/\/giatockhanhkieu.com\/en\/wp-json\/wp\/v2\/pages\/590\/revisions"}],"predecessor-version":[{"id":1127,"href":"https:\/\/giatockhanhkieu.com\/en\/wp-json\/wp\/v2\/pages\/590\/revisions\/1127"}],"wp:attachment":[{"href":"https:\/\/giatockhanhkieu.com\/en\/wp-json\/wp\/v2\/media?parent=590"}],"curies":[{"name":"wp","href":"https:\/\/api.w.org\/{rel}","templated":true}]}}