{"id":519,"date":"2022-01-18T10:34:24","date_gmt":"2022-01-18T10:34:24","guid":{"rendered":"http:\/\/localhost\/wordpress\/lineago-demo\/?page_id=519"},"modified":"2023-04-27T15:14:03","modified_gmt":"2023-04-27T08:14:03","slug":"family-history","status":"publish","type":"page","link":"https:\/\/giatockhanhkieu.com\/en\/family-history\/","title":{"rendered":"History of the surname Tran"},"content":{"rendered":"<p>The Tran family name appeared in Vietnam since it is not clear, but in history there have been many Vietnamese people with the surname Tran since before those with the Chinese surname Tran migrated. Typical like&nbsp;<a href=\"https:\/\/vi.wikipedia.org\/wiki\/Man_Thi%E1%BB%87n\">Man Thien<\/a>&nbsp;(real name is Tran Thi Doan) mother of&nbsp;<a href=\"https:\/\/vi.wikipedia.org\/wiki\/Hai_B%C3%A0_Tr%C6%B0ng\">Hai Ba Trung<\/a>, who participated in the uprising of the two women in 40 AD.<\/p>\r\n\r\n\r\n\r\n<p>The Tran people of Bach Viet origin in Qinzhou, province\u00a0<a href=\"https:\/\/vi.wikipedia.org\/wiki\/Ph%C3%BAc_Ki%E1%BA%BFn\">Fujian<\/a>,\u00a0<a href=\"https:\/\/vi.wikipedia.org\/wiki\/T%C3%AAn_g%E1%BB%8Di_Trung_Qu%E1%BB%91c\">Chinese<\/a>\u00a0first migrated to Vietnam around 227BC, Tran Tu Minh helped\u00a0<a href=\"https:\/\/vi.wikipedia.org\/wiki\/An_D%C6%B0%C6%A1ng_V%C6%B0%C6%A1ng\">An Duong Vuong<\/a>\u00a0Successful resistance against Qin then established a dojo to reside in Kinh Bac. During the reign of Tran Tu Mai, he moved to An Sinh commune, district\u00a0<a href=\"https:\/\/vi.wikipedia.org\/wiki\/%C4%90%C3%B4ng_Tri%E1%BB%81u\">Dong Trieu<\/a>, conscious\u00a0<a href=\"https:\/\/vi.wikipedia.org\/wiki\/Qu%E1%BA%A3ng_Ninh\">Quang Ninh<\/a>\u00a0Nowadays; Live by fishing on the river, on the way to work gradually move to Tuc Mac, district\u00a0<a href=\"https:\/\/vi.wikipedia.org\/wiki\/Thi%C3%AAn_Tr%C6%B0%E1%BB%9Dng\">Thien Truong<\/a>, Nam Dinh. Later they moved to live in Tam Duong, Long Hung government, now the land of\u00a0<a href=\"https:\/\/vi.wikipedia.org\/wiki\/Th%C3%A1i_B%C3%ACnh\">peaceful<\/a>.<\/p>\r\n\r\n\r\n\r\n<p class=\"has-text-align-right\">Quote from the source<strong>: Wikipedia<\/strong><\/p>","protected":false},"excerpt":{"rendered":"<p>H\u1ecd Tr\u1ea7n xu\u1ea5t hi\u1ec7n t\u1ea1i Vi\u1ec7t Nam t\u1eeb khi n\u00e0o ch\u01b0a r\u00f5 nh\u01b0ng trong l\u1ecbch s\u1eed \u0111\u00e3 c\u00f3 nhi\u1ec1u ng\u01b0\u1eddi Vi\u1ec7t Nam mang h\u1ecd Tr\u1ea7n t\u1eeb tr\u01b0\u1edbc khi nh\u1eefng ng\u01b0\u1eddi mang h\u1ecd Tr\u1ea7n g\u1ed1c Trung Qu\u1ed1c di c\u01b0 sang. Ti\u00eau bi\u1ec3u nh\u01b0&nbsp;Man Thi\u1ec7n&nbsp;(t\u00ean th\u1eadt l\u00e0 Tr\u1ea7n Th\u1ecb \u0110oan) th\u00e2n m\u1eabu c\u1ee7a&nbsp;Hai B\u00e0 Tr\u01b0ng, ng\u01b0\u1eddi \u0111\u00e3 [&hellip;]<\/p>","protected":false},"author":1,"featured_media":0,"parent":0,"menu_order":0,"comment_status":"closed","ping_status":"closed","template":"page-templates\/narrow.php","meta":{"footnotes":""},"class_list":["post-519","page","type-page","status-publish","hentry"],"acf":[],"yoast_head":"<!-- This site is optimized with the Yoast SEO Premium plugin v20.4 (Yoast SEO v20.4) - https:\/\/yoast.com\/wordpress\/plugins\/seo\/ -->\n<title>L\u1ecbch s\u1eed h\u1ecd Tr\u1ea7n - Gia t\u1ed9c Khanh-Ki\u1ec1u<\/title>\n<meta name=\"robots\" content=\"index, follow, max-snippet:-1, max-image-preview:large, max-video-preview:-1\" \/>\n<link rel=\"canonical\" href=\"https:\/\/giatockhanhkieu.com\/en\/family-history\/\" \/>\n<meta property=\"og:locale\" content=\"en_US\" \/>\n<meta property=\"og:type\" content=\"article\" \/>\n<meta property=\"og:title\" content=\"L\u1ecbch s\u1eed h\u1ecd Tr\u1ea7n\" \/>\n<meta property=\"og:description\" content=\"H\u1ecd Tr\u1ea7n xu\u1ea5t hi\u1ec7n t\u1ea1i Vi\u1ec7t Nam t\u1eeb khi n\u00e0o ch\u01b0a r\u00f5 nh\u01b0ng trong l\u1ecbch s\u1eed \u0111\u00e3 c\u00f3 nhi\u1ec1u ng\u01b0\u1eddi Vi\u1ec7t Nam mang h\u1ecd Tr\u1ea7n t\u1eeb tr\u01b0\u1edbc khi nh\u1eefng ng\u01b0\u1eddi mang h\u1ecd Tr\u1ea7n g\u1ed1c Trung Qu\u1ed1c di c\u01b0 sang. Ti\u00eau bi\u1ec3u nh\u01b0&nbsp;Man Thi\u1ec7n&nbsp;(t\u00ean th\u1eadt l\u00e0 Tr\u1ea7n Th\u1ecb \u0110oan) th\u00e2n m\u1eabu c\u1ee7a&nbsp;Hai B\u00e0 Tr\u01b0ng, ng\u01b0\u1eddi \u0111\u00e3 [&hellip;]\" \/>\n<meta property=\"og:url\" content=\"https:\/\/giatockhanhkieu.com\/en\/family-history\/\" \/>\n<meta property=\"og:site_name\" content=\"Gia t\u1ed9c Khanh-Ki\u1ec1u\" \/>\n<meta property=\"article:modified_time\" content=\"2023-04-27T08:14:03+00:00\" \/>\n<meta name=\"twitter:card\" content=\"summary_large_image\" \/>\n<meta name=\"twitter:label1\" content=\"Est. reading time\" \/>\n\t<meta name=\"twitter:data1\" content=\"1 minute\" \/>\n<script type=\"application\/ld+json\" class=\"yoast-schema-graph\">{\"@context\":\"https:\/\/schema.org\",\"@graph\":[{\"@type\":\"WebPage\",\"@id\":\"https:\/\/giatockhanhkieu.com\/en\/family-history\/\",\"url\":\"https:\/\/giatockhanhkieu.com\/en\/family-history\/\",\"name\":\"L\u1ecbch s\u1eed h\u1ecd Tr\u1ea7n - Gia t\u1ed9c Khanh-Ki\u1ec1u\",\"isPartOf\":{\"@id\":\"https:\/\/giatockhanhkieu.com\/#website\"},\"datePublished\":\"2022-01-18T10:34:24+00:00\",\"dateModified\":\"2023-04-27T08:14:03+00:00\",\"breadcrumb\":{\"@id\":\"https:\/\/giatockhanhkieu.com\/en\/family-history\/#breadcrumb\"},\"inLanguage\":\"en-US\",\"potentialAction\":[{\"@type\":\"ReadAction\",\"target\":[\"https:\/\/giatockhanhkieu.com\/en\/family-history\/\"]}]},{\"@type\":\"BreadcrumbList\",\"@id\":\"https:\/\/giatockhanhkieu.com\/en\/family-history\/#breadcrumb\",\"itemListElement\":[{\"@type\":\"ListItem\",\"position\":1,\"name\":\"Home\",\"item\":\"https:\/\/giatockhanhkieu.com\/\"},{\"@type\":\"ListItem\",\"position\":2,\"name\":\"L\u1ecbch s\u1eed h\u1ecd Tr\u1ea7n\"}]},{\"@type\":\"WebSite\",\"@id\":\"https:\/\/giatockhanhkieu.com\/#website\",\"url\":\"https:\/\/giatockhanhkieu.com\/\",\"name\":\"Gia t\u1ed9c Khanh-Ki\u1ec1u\",\"description\":\"Gia \u0111i\u0300nh nghi\u0303a la\u0300 kh\u00f4ng ai bi\u0323 bo\u0309 r\u01a1i hay qu\u00ean la\u0303ng\",\"publisher\":{\"@id\":\"https:\/\/giatockhanhkieu.com\/#organization\"},\"potentialAction\":[{\"@type\":\"SearchAction\",\"target\":{\"@type\":\"EntryPoint\",\"urlTemplate\":\"https:\/\/giatockhanhkieu.com\/?s={search_term_string}\"},\"query-input\":\"required name=search_term_string\"}],\"inLanguage\":\"en-US\"},{\"@type\":\"Organization\",\"@id\":\"https:\/\/giatockhanhkieu.com\/#organization\",\"name\":\"Gia t\u1ed9c Khanh-Ki\u1ec1u\",\"url\":\"https:\/\/giatockhanhkieu.com\/\",\"logo\":{\"@type\":\"ImageObject\",\"inLanguage\":\"en-US\",\"@id\":\"https:\/\/giatockhanhkieu.com\/#\/schema\/logo\/image\/\",\"url\":\"https:\/\/giatockhanhkieu.com\/wp-content\/uploads\/2023\/04\/logo-khanh-kieu-wite.png\",\"contentUrl\":\"https:\/\/giatockhanhkieu.com\/wp-content\/uploads\/2023\/04\/logo-khanh-kieu-wite.png\",\"width\":394,\"height\":434,\"caption\":\"Gia t\u1ed9c Khanh-Ki\u1ec1u\"},\"image\":{\"@id\":\"https:\/\/giatockhanhkieu.com\/#\/schema\/logo\/image\/\"}}]}<\/script>\n<!-- \/ Yoast SEO Premium plugin. -->","yoast_head_json":{"title":"L\u1ecbch s\u1eed h\u1ecd Tr\u1ea7n - Gia t\u1ed9c Khanh-Ki\u1ec1u","robots":{"index":"index","follow":"follow","max-snippet":"max-snippet:-1","max-image-preview":"max-image-preview:large","max-video-preview":"max-video-preview:-1"},"canonical":"https:\/\/giatockhanhkieu.com\/en\/family-history\/","og_locale":"en_US","og_type":"article","og_title":"L\u1ecbch s\u1eed h\u1ecd Tr\u1ea7n","og_description":"H\u1ecd Tr\u1ea7n xu\u1ea5t hi\u1ec7n t\u1ea1i Vi\u1ec7t Nam t\u1eeb khi n\u00e0o ch\u01b0a r\u00f5 nh\u01b0ng trong l\u1ecbch s\u1eed \u0111\u00e3 c\u00f3 nhi\u1ec1u ng\u01b0\u1eddi Vi\u1ec7t Nam mang h\u1ecd Tr\u1ea7n t\u1eeb tr\u01b0\u1edbc khi nh\u1eefng ng\u01b0\u1eddi mang h\u1ecd Tr\u1ea7n g\u1ed1c Trung Qu\u1ed1c di c\u01b0 sang. Ti\u00eau bi\u1ec3u nh\u01b0&nbsp;Man Thi\u1ec7n&nbsp;(t\u00ean th\u1eadt l\u00e0 Tr\u1ea7n Th\u1ecb \u0110oan) th\u00e2n m\u1eabu c\u1ee7a&nbsp;Hai B\u00e0 Tr\u01b0ng, ng\u01b0\u1eddi \u0111\u00e3 [&hellip;]","og_url":"https:\/\/giatockhanhkieu.com\/en\/family-history\/","og_site_name":"Gia t\u1ed9c Khanh-Ki\u1ec1u","article_modified_time":"2023-04-27T08:14:03+00:00","twitter_card":"summary_large_image","twitter_misc":{"Est. reading time":"1 minute"},"schema":{"@context":"https:\/\/schema.org","@graph":[{"@type":"WebPage","@id":"https:\/\/giatockhanhkieu.com\/en\/family-history\/","url":"https:\/\/giatockhanhkieu.com\/en\/family-history\/","name":"L\u1ecbch s\u1eed h\u1ecd Tr\u1ea7n - Gia t\u1ed9c Khanh-Ki\u1ec1u","isPartOf":{"@id":"https:\/\/giatockhanhkieu.com\/#website"},"datePublished":"2022-01-18T10:34:24+00:00","dateModified":"2023-04-27T08:14:03+00:00","breadcrumb":{"@id":"https:\/\/giatockhanhkieu.com\/en\/family-history\/#breadcrumb"},"inLanguage":"en-US","potentialAction":[{"@type":"ReadAction","target":["https:\/\/giatockhanhkieu.com\/en\/family-history\/"]}]},{"@type":"BreadcrumbList","@id":"https:\/\/giatockhanhkieu.com\/en\/family-history\/#breadcrumb","itemListElement":[{"@type":"ListItem","position":1,"name":"Home","item":"https:\/\/giatockhanhkieu.com\/"},{"@type":"ListItem","position":2,"name":"L\u1ecbch s\u1eed h\u1ecd Tr\u1ea7n"}]},{"@type":"WebSite","@id":"https:\/\/giatockhanhkieu.com\/#website","url":"https:\/\/giatockhanhkieu.com\/","name":"Gia t\u1ed9c Khanh-Ki\u1ec1u","description":"Gia \u0111i\u0300nh nghi\u0303a la\u0300 kh\u00f4ng ai bi\u0323 bo\u0309 r\u01a1i hay qu\u00ean la\u0303ng","publisher":{"@id":"https:\/\/giatockhanhkieu.com\/#organization"},"potentialAction":[{"@type":"SearchAction","target":{"@type":"EntryPoint","urlTemplate":"https:\/\/giatockhanhkieu.com\/?s={search_term_string}"},"query-input":"required name=search_term_string"}],"inLanguage":"en-US"},{"@type":"Organization","@id":"https:\/\/giatockhanhkieu.com\/#organization","name":"Gia t\u1ed9c Khanh-Ki\u1ec1u","url":"https:\/\/giatockhanhkieu.com\/","logo":{"@type":"ImageObject","inLanguage":"en-US","@id":"https:\/\/giatockhanhkieu.com\/#\/schema\/logo\/image\/","url":"https:\/\/giatockhanhkieu.com\/wp-content\/uploads\/2023\/04\/logo-khanh-kieu-wite.png","contentUrl":"https:\/\/giatockhanhkieu.com\/wp-content\/uploads\/2023\/04\/logo-khanh-kieu-wite.png","width":394,"height":434,"caption":"Gia t\u1ed9c Khanh-Ki\u1ec1u"},"image":{"@id":"https:\/\/giatockhanhkieu.com\/#\/schema\/logo\/image\/"}}]}},"_links":{"self":[{"href":"https:\/\/giatockhanhkieu.com\/en\/wp-json\/wp\/v2\/pages\/519","targetHints":{"allow":["GET"]}}],"collection":[{"href":"https:\/\/giatockhanhkieu.com\/en\/wp-json\/wp\/v2\/pages"}],"about":[{"href":"https:\/\/giatockhanhkieu.com\/en\/wp-json\/wp\/v2\/types\/page"}],"author":[{"embeddable":true,"href":"https:\/\/giatockhanhkieu.com\/en\/wp-json\/wp\/v2\/users\/1"}],"replies":[{"embeddable":true,"href":"https:\/\/giatockhanhkieu.com\/en\/wp-json\/wp\/v2\/comments?post=519"}],"version-history":[{"count":6,"href":"https:\/\/giatockhanhkieu.com\/en\/wp-json\/wp\/v2\/pages\/519\/revisions"}],"predecessor-version":[{"id":1126,"href":"https:\/\/giatockhanhkieu.com\/en\/wp-json\/wp\/v2\/pages\/519\/revisions\/1126"}],"wp:attachment":[{"href":"https:\/\/giatockhanhkieu.com\/en\/wp-json\/wp\/v2\/media?parent=519"}],"curies":[{"name":"wp","href":"https:\/\/api.w.org\/{rel}","templated":true}]}}